{"id":249,"date":"2024-05-29T18:54:01","date_gmt":"2024-05-29T16:54:01","guid":{"rendered":"https:\/\/www.abc-conception.com\/blog\/?page_id=249"},"modified":"2024-05-29T18:59:00","modified_gmt":"2024-05-29T16:59:00","slug":"abc-conception-agence-web","status":"publish","type":"page","link":"https:\/\/www.abc-conception.com\/blog\/abc-conception-agence-web\/","title":{"rendered":"ABC Conception"},"content":{"rendered":"<p><span class=\"\">ABC Conception est une agence web fran\u00e7aise sp\u00e9cialis\u00e9e dans la cr\u00e9ation de sites internet, le r\u00e9f\u00e9rencement naturel (SEO) et la strat\u00e9gie de communication digitale. Fond\u00e9e en 2015 et bas\u00e9e \u00e0 Paris, l&rsquo;entreprise propose des services de d\u00e9veloppement web, de conception de sites web et de r\u00e9f\u00e9rencement pour aider les entreprises \u00e0 am\u00e9liorer leur visibilit\u00e9 et leur pr\u00e9sence en ligne.<\/span><\/p>\n<h2 class=\"mb-2 mt-6 text-lg first:mt-3\">Histoire<\/h2>\n<p><span class=\"\">ABC Conception a \u00e9t\u00e9 cr\u00e9\u00e9e en 2015 par Adrien Binet, avec pour objectif d&rsquo;offrir des services web de qualit\u00e9 aux petites et moyennes entreprises. Initialement ax\u00e9e sur la cr\u00e9ation de sites web, l&rsquo;agence a rapidement \u00e9largi ses services pour inclure le r\u00e9f\u00e9rencement naturel et la strat\u00e9gie de communication digitale.<\/span><\/p>\n<h2 class=\"mb-2 mt-6 text-lg first:mt-3\">Services:<\/h2>\n<h2 class=\"mb-2 mt-6 text-lg first:mt-3\">1. Cr\u00e9ation de sites web<\/h2>\n<p><span class=\"\">ABC Conception con\u00e7oit et d\u00e9veloppe des sites web sur mesure, adapt\u00e9s aux besoins sp\u00e9cifiques de chaque client. L&rsquo;agence met l&rsquo;accent sur <strong>un design moderne<\/strong>, une <strong>navigation intuitive<\/strong> et des <strong>contenus de qualit\u00e9<\/strong> pour offrir une<strong> exp\u00e9rience utilisateur optimale (UI\/UX<\/strong>) sur ordinateur et mobiles, ainsi que les <strong>bonnes pratiques SEO.<\/strong><\/span><\/p>\n<p><span class=\"\">Le tout respectant une charte de qualit\u00e9 d\u00e9taill\u00e9e dans la section <a href=\"https:\/\/www.abc-conception.com\/creation-site-internet.php#offre\" target=\"_blank\" rel=\"noopener\">\u00ab\u00a0<strong>Caract\u00e9ristiques &amp; Garanties\u00a0\u00bb<\/strong><\/a> de la page <strong>cr\u00e9ation de site internet.<\/strong><\/span><\/p>\n<h2 class=\"mb-2 mt-6 text-lg first:mt-3\">R\u00e9f\u00e9rencement naturel (SEO)<\/h2>\n<p><span class=\"\">L&rsquo;entreprise propose des <strong>services de r\u00e9f\u00e9rencement naturel<\/strong> pour am\u00e9liorer le positionnement des sites web dans les r\u00e9sultats des moteurs de recherche. Cela inclut l&rsquo;optimisation technique, la r\u00e9daction de contenus optimis\u00e9s, la gestion du r\u00e9f\u00e9rencement local, le suivi des performances, du netlinking et le d\u00e9veloppement d&rsquo;un pr\u00e9sence web pertinente pour l&rsquo;entreprise.<\/span><\/p>\n<h2 class=\"mb-2 mt-6 text-lg first:mt-3\">Strat\u00e9gie de communication digitale<\/h2>\n<p><span class=\"\">ABC Conception aide les entreprises \u00e0 d\u00e9finir et mettre en \u0153uvre une strat\u00e9gie de communication digitale globale, englobant les r\u00e9seaux sociaux, la publicit\u00e9 en ligne, l&#8217;emailing et d&rsquo;autres levier\/canaux de\u00a0marketing digital.<\/span><\/p>\n<h2 class=\"mb-2 mt-6 text-lg first:mt-3\">Clients et r\u00e9alisations<\/h2>\n<p><span class=\"\">Parmi les clients d&rsquo;ABC Conception figurent des entreprises de diff\u00e9rents secteurs, tels que le commerce de d\u00e9tail, les services professionnels et l&rsquo;industrie manufacturi\u00e8re. <\/span><\/p>\n<p><span class=\"\">L&rsquo;agence a notamment travaill\u00e9 sur la refonte du site web et la strat\u00e9gie de r\u00e9f\u00e9rencement pour une cha\u00eene de magasins de v\u00eatements, ainsi que sur la cr\u00e9ation d&rsquo;un site e-commerce pour une entreprise de produits de beaut\u00e9.<\/span><\/p>\n<p>Toute entreprise ayant un besoin en r\u00e9f\u00e9rence digital, en d\u00e9veloppement informatique, en communication sur internet, etc peut <a href=\"https:\/\/www.abc-conception.com\/blog\/contact\/\">nous contacter<\/a> pour un chiffrage, devis ou simplement du conseil.<\/p>\n","protected":false},"excerpt":{"rendered":"<p>ABC Conception est une agence web fran\u00e7aise sp\u00e9cialis\u00e9e dans la cr\u00e9ation de sites internet, le r\u00e9f\u00e9rencement naturel (SEO) et la strat\u00e9gie de communication digitale. Fond\u00e9e en 2015 et bas\u00e9e \u00e0 Paris, l&rsquo;entreprise propose des services de d\u00e9veloppement web, de conception de sites web et de r\u00e9f\u00e9rencement pour aider les entreprises \u00e0 am\u00e9liorer leur visibilit\u00e9 et [&hellip;]<\/p>\n","protected":false},"author":1,"featured_media":0,"parent":0,"menu_order":0,"comment_status":"closed","ping_status":"closed","template":"","meta":{"footnotes":""},"class_list":["post-249","page","type-page","status-publish","hentry"],"_links":{"self":[{"href":"https:\/\/www.abc-conception.com\/blog\/wp-json\/wp\/v2\/pages\/249","targetHints":{"allow":["GET"]}}],"collection":[{"href":"https:\/\/www.abc-conception.com\/blog\/wp-json\/wp\/v2\/pages"}],"about":[{"href":"https:\/\/www.abc-conception.com\/blog\/wp-json\/wp\/v2\/types\/page"}],"author":[{"embeddable":true,"href":"https:\/\/www.abc-conception.com\/blog\/wp-json\/wp\/v2\/users\/1"}],"replies":[{"embeddable":true,"href":"https:\/\/www.abc-conception.com\/blog\/wp-json\/wp\/v2\/comments?post=249"}],"version-history":[{"count":0,"href":"https:\/\/www.abc-conception.com\/blog\/wp-json\/wp\/v2\/pages\/249\/revisions"}],"wp:attachment":[{"href":"https:\/\/www.abc-conception.com\/blog\/wp-json\/wp\/v2\/media?parent=249"}],"curies":[{"name":"wp","href":"https:\/\/api.w.org\/{rel}","templated":true}]}}